{"id":62,"date":"2016-05-26T18:04:34","date_gmt":"2016-05-26T18:04:34","guid":{"rendered":"http:\/\/www.8-bit.ro\/?page_id=62"},"modified":"2024-09-03T12:44:19","modified_gmt":"2024-09-03T12:44:19","slug":"clienti","status":"publish","type":"page","link":"https:\/\/www.8-bit.ro\/index.php\/clienti\/","title":{"rendered":"Clien\u021bi"},"content":{"rendered":"<h4><\/h4>\n<p>\u00cen\u021belegem nevoile fiec\u0103rui client, indiferent de specificul industriei \u00een care activeaz\u0103 \u0219i \u00eei asigur\u0103m continuitatea serviciilor IT, maximizarea disponibilit\u0103\u021bii sistemelor \u0219i echipamentelor, garantarea securit\u0103\u021bii \u0219i protec\u021bia \u00eempotriva pierderilor de date.<\/p>\n<p>Colabor\u0103m cu clien\u021bi din domenii diverse de activitate, precum:<\/p>\n<table border=\"0\">\n<tbody>\n<tr>\n<td>\n<ul>\n<li><strong>industrii:<\/strong>\n<ul>\n<li>metalurgic\u0103 \u0219i siderurgic\u0103<\/li>\n<li>lemnului<\/li>\n<li>naval\u0103<\/li>\n<li>constructoare de ma\u0219ini si echipamente<\/li>\n<li>prelucratoare<\/li>\n<li>materialelor de construc\u021bie<\/li>\n<li>construc\u021biilor metalice si a produselor din metal<\/li>\n<li>tipografic\u0103<\/li>\n<li>hotelier\u0103<\/li>\n<li>transporturilor<\/li>\n<li>u\u0219oar\u0103<\/li>\n<\/ul>\n<\/li>\n<\/ul>\n<\/td>\n<td>\n<ul>\n<li><strong>agricultur\u0103<\/strong><\/li>\n<li><strong>comer\u021b \u0219i distribu\u021bie<\/strong><\/li>\n<li><strong>construc\u021bii \u0219i infrastructur\u0103<\/strong><\/li>\n<li><strong>servicii:<\/strong>\n<ul>\n<li>consultan\u021b\u0103<\/li>\n<li>financiare<\/li>\n<li>turism<\/li>\n<li>medical<\/li>\n<li>imobiliare<\/li>\n<li>auto<\/li>\n<li>publicitate<\/li>\n<li>telecomunica\u021bii<\/li>\n<\/ul>\n<\/li>\n<\/ul>\n<\/td>\n<\/tr>\n<\/tbody>\n<\/table>\n","protected":false},"excerpt":{"rendered":"<p>\u00cen\u021belegem nevoile fiec\u0103rui client, indiferent de specificul industriei \u00een care activeaz\u0103 \u0219i \u00eei asigur\u0103m continuitatea serviciilor IT, maximizarea disponibilit\u0103\u021bii sistemelor \u0219i echipamentelor, garantarea securit\u0103\u021bii \u0219i protec\u021bia \u00eempotriva pierderilor de date. Colabor\u0103m cu clien\u021bi din domenii diverse de activitate, precum: industrii: metalurgic\u0103 \u0219i siderurgic\u0103 lemnului naval\u0103 constructoare de ma\u0219ini si echipamente prelucratoare materialelor de construc\u021bie construc\u021biilor [&hellip;]<\/p>\n","protected":false},"author":1,"featured_media":0,"parent":0,"menu_order":0,"comment_status":"closed","ping_status":"closed","template":"","meta":{"footnotes":""},"class_list":["post-62","page","type-page","status-publish","hentry"],"_links":{"self":[{"href":"https:\/\/www.8-bit.ro\/index.php\/wp-json\/wp\/v2\/pages\/62"}],"collection":[{"href":"https:\/\/www.8-bit.ro\/index.php\/wp-json\/wp\/v2\/pages"}],"about":[{"href":"https:\/\/www.8-bit.ro\/index.php\/wp-json\/wp\/v2\/types\/page"}],"author":[{"embeddable":true,"href":"https:\/\/www.8-bit.ro\/index.php\/wp-json\/wp\/v2\/users\/1"}],"replies":[{"embeddable":true,"href":"https:\/\/www.8-bit.ro\/index.php\/wp-json\/wp\/v2\/comments?post=62"}],"version-history":[{"count":4,"href":"https:\/\/www.8-bit.ro\/index.php\/wp-json\/wp\/v2\/pages\/62\/revisions"}],"predecessor-version":[{"id":99,"href":"https:\/\/www.8-bit.ro\/index.php\/wp-json\/wp\/v2\/pages\/62\/revisions\/99"}],"wp:attachment":[{"href":"https:\/\/www.8-bit.ro\/index.php\/wp-json\/wp\/v2\/media?parent=62"}],"curies":[{"name":"wp","href":"https:\/\/api.w.org\/{rel}","templated":true}]}}