{"id":29,"date":"2016-05-26T17:08:29","date_gmt":"2016-05-26T17:08:29","guid":{"rendered":"http:\/\/www.8-bit.ro\/?page_id=29"},"modified":"2024-09-03T13:05:39","modified_gmt":"2024-09-03T13:05:39","slug":"achizitie-componente-si-periferice","status":"publish","type":"page","link":"https:\/\/www.8-bit.ro\/index.php\/servicii\/achizitie-componente-si-periferice\/","title":{"rendered":"Achizi\u021bie componente \u0219i periferice"},"content":{"rendered":"<p>Furniz\u0103m clien\u021bilor no\u0219tri solu\u021biile \u0219i serviciile necesare dot\u0103rii cu echipamente IT \u0219i men\u021binerii acestora \u00een parametri optimi. Oferim consultan\u021b\u0103 gratuit\u0103 pentru alegerea celor mai bune solu\u021bii \u00een achizi\u021bia componentelor \u0219i perifericelor necesare, livrarea acestora, configurarea \u0219i punerea \u00een func\u021biune a produselor achizi\u021bionate.<\/p>\n<p>Produsele achizi\u021bionate beneficiaz\u0103 de garan\u021bie 8-BIT, ceea ce \u00eenseamn\u0103 c\u0103, \u00een cazul unor defec\u021biuni, ne ocup\u0103m de ridicarea componentei de la sediul clientului, de repara\u021bia sau \u00eenlocuirea acesteia, \u00een func\u021bie de caz, de testarea, livrarea \u0219i instalarea la sediul clientului.<\/p>\n<p>Astfel, oferim clien\u021bilor care beneficiaz\u0103 de serviciile noastre de \u00eentre\u021binere sisteme \u0219i administrare re\u021bele solu\u021bii cu garan\u021bie integrat\u0103 pentru achizi\u021bia de:<\/p>\n<ul>\n<li>componente \u0219i periferice<\/li>\n<li>sisteme, laptopuri \u0219i solu\u021bii mobile<\/li>\n<li>software<\/li>\n<li>consumabile.<\/li>\n<\/ul>\n","protected":false},"excerpt":{"rendered":"<p>Furniz\u0103m clien\u021bilor no\u0219tri solu\u021biile \u0219i serviciile necesare dot\u0103rii cu echipamente IT \u0219i men\u021binerii acestora \u00een parametri optimi. Oferim consultan\u021b\u0103 gratuit\u0103 pentru alegerea celor mai bune solu\u021bii \u00een achizi\u021bia componentelor \u0219i perifericelor necesare, livrarea acestora, configurarea \u0219i punerea \u00een func\u021biune a produselor achizi\u021bionate. Produsele achizi\u021bionate beneficiaz\u0103 de garan\u021bie 8-BIT, ceea ce \u00eenseamn\u0103 c\u0103, \u00een cazul unor [&hellip;]<\/p>\n","protected":false},"author":1,"featured_media":0,"parent":14,"menu_order":0,"comment_status":"closed","ping_status":"closed","template":"","meta":{"footnotes":""},"class_list":["post-29","page","type-page","status-publish","hentry"],"_links":{"self":[{"href":"https:\/\/www.8-bit.ro\/index.php\/wp-json\/wp\/v2\/pages\/29"}],"collection":[{"href":"https:\/\/www.8-bit.ro\/index.php\/wp-json\/wp\/v2\/pages"}],"about":[{"href":"https:\/\/www.8-bit.ro\/index.php\/wp-json\/wp\/v2\/types\/page"}],"author":[{"embeddable":true,"href":"https:\/\/www.8-bit.ro\/index.php\/wp-json\/wp\/v2\/users\/1"}],"replies":[{"embeddable":true,"href":"https:\/\/www.8-bit.ro\/index.php\/wp-json\/wp\/v2\/comments?post=29"}],"version-history":[{"count":3,"href":"https:\/\/www.8-bit.ro\/index.php\/wp-json\/wp\/v2\/pages\/29\/revisions"}],"predecessor-version":[{"id":108,"href":"https:\/\/www.8-bit.ro\/index.php\/wp-json\/wp\/v2\/pages\/29\/revisions\/108"}],"up":[{"embeddable":true,"href":"https:\/\/www.8-bit.ro\/index.php\/wp-json\/wp\/v2\/pages\/14"}],"wp:attachment":[{"href":"https:\/\/www.8-bit.ro\/index.php\/wp-json\/wp\/v2\/media?parent=29"}],"curies":[{"name":"wp","href":"https:\/\/api.w.org\/{rel}","templated":true}]}}