{"id":27,"date":"2016-05-26T17:07:08","date_gmt":"2016-05-26T17:07:08","guid":{"rendered":"http:\/\/www.8-bit.ro\/?page_id=27"},"modified":"2024-09-03T13:22:31","modified_gmt":"2024-09-03T13:22:31","slug":"service-sisteme-si-echipamente","status":"publish","type":"page","link":"https:\/\/www.8-bit.ro\/index.php\/servicii\/service-sisteme-si-echipamente\/","title":{"rendered":"Service sisteme \u0219i echipamente"},"content":{"rendered":"<p>Func\u021bionarea echipamentelor, a sistemelor \u0219i a serverelor este important\u0103 pentru activitatea clien\u021bilor no\u0219tri. Orice or\u0103 de nefunc\u021bionare \u00eenseamn\u0103 pierderi \u00een productivitate, v\u00e2nz\u0103ri sau clien\u021bi.<\/p>\n<p>Pentru eliminarea timpilor mor\u021bi genera\u021bi de defectarea componentelor \u0219i \u00een completarea serviciilor de \u00eentre\u021binere sisteme, administrare re\u021bele, servere \u0219i servicii, oferim clien\u021bilor no\u0219tri service pentru sisteme \u0219i echipamente.<\/p>\n<p>\u00cen cazul sistemelor \u0219i echipamentelor incluse \u00een abonamentul lunar de \u00eentre\u021binere, manopera este gratuit\u0103. Indiferent de natura problemei ap\u0103rute, dac\u0103 aceasta nu se poate rezolva \u00eentr-un timp rezonabil la client, este adus\u0103 \u00een departamentul de service.<\/p>\n<p>Serviciile noastre de service includ:<\/p>\n<ul>\n<li>diagnosticare \u0219i izolare<\/li>\n<li>instalare\/dezinstalare de programe \u0219i aplica\u021bii<\/li>\n<li>recuperare \u0219i restaurare de date<\/li>\n<li>migrare de date \u0219i configura\u021bii<\/li>\n<li>repara\u021bii hardware<\/li>\n<li>testarea stabilit\u0103\u021bii \u0219i anduran\u021bei<\/li>\n<\/ul>\n","protected":false},"excerpt":{"rendered":"<p>Func\u021bionarea echipamentelor, a sistemelor \u0219i a serverelor este important\u0103 pentru activitatea clien\u021bilor no\u0219tri. Orice or\u0103 de nefunc\u021bionare \u00eenseamn\u0103 pierderi \u00een productivitate, v\u00e2nz\u0103ri sau clien\u021bi. Pentru eliminarea timpilor mor\u021bi genera\u021bi de defectarea componentelor \u0219i \u00een completarea serviciilor de \u00eentre\u021binere sisteme, administrare re\u021bele, servere \u0219i servicii, oferim clien\u021bilor no\u0219tri service pentru sisteme \u0219i echipamente. \u00cen cazul sistemelor [&hellip;]<\/p>\n","protected":false},"author":1,"featured_media":0,"parent":14,"menu_order":0,"comment_status":"closed","ping_status":"closed","template":"","meta":{"footnotes":""},"class_list":["post-27","page","type-page","status-publish","hentry"],"_links":{"self":[{"href":"https:\/\/www.8-bit.ro\/index.php\/wp-json\/wp\/v2\/pages\/27"}],"collection":[{"href":"https:\/\/www.8-bit.ro\/index.php\/wp-json\/wp\/v2\/pages"}],"about":[{"href":"https:\/\/www.8-bit.ro\/index.php\/wp-json\/wp\/v2\/types\/page"}],"author":[{"embeddable":true,"href":"https:\/\/www.8-bit.ro\/index.php\/wp-json\/wp\/v2\/users\/1"}],"replies":[{"embeddable":true,"href":"https:\/\/www.8-bit.ro\/index.php\/wp-json\/wp\/v2\/comments?post=27"}],"version-history":[{"count":3,"href":"https:\/\/www.8-bit.ro\/index.php\/wp-json\/wp\/v2\/pages\/27\/revisions"}],"predecessor-version":[{"id":119,"href":"https:\/\/www.8-bit.ro\/index.php\/wp-json\/wp\/v2\/pages\/27\/revisions\/119"}],"up":[{"embeddable":true,"href":"https:\/\/www.8-bit.ro\/index.php\/wp-json\/wp\/v2\/pages\/14"}],"wp:attachment":[{"href":"https:\/\/www.8-bit.ro\/index.php\/wp-json\/wp\/v2\/media?parent=27"}],"curies":[{"name":"wp","href":"https:\/\/api.w.org\/{rel}","templated":true}]}}