{"id":2,"date":"2016-01-05T01:09:13","date_gmt":"2016-01-05T01:09:13","guid":{"rendered":"http:\/\/www.8-bit.ro\/?page_id=2"},"modified":"2024-09-03T12:58:58","modified_gmt":"2024-09-03T12:58:58","slug":"sample-page","status":"publish","type":"page","link":"https:\/\/www.8-bit.ro\/index.php\/sample-page\/","title":{"rendered":"Despre noi"},"content":{"rendered":"<p>8-BIT este specializat\u0103 \u00een oferirea de servicii \u0219i solu\u021bii IT integrate, c\u0103tre companii. Datorit\u0103 bazei logistice pe care o avem la dispozi\u021bie, asigur\u0103m servicii garantate, organizate \u00een pachete flexibile, adaptate bugetelor existente, contribuind la sc\u0103derea costurilor totale dedicate IT-ului \u0219i la stabilitatea opera\u021biunilor clien\u021bilor no\u0219tri.<\/p>\n<p><img loading=\"lazy\" decoding=\"async\" class=\"wp-image-102 aligncenter\" src=\"https:\/\/www.8-bit.ro\/wp-content\/uploads\/2024\/09\/mb-300x200.jpg\" alt=\"\" width=\"381\" height=\"254\" srcset=\"https:\/\/www.8-bit.ro\/wp-content\/uploads\/2024\/09\/mb-300x200.jpg 300w, https:\/\/www.8-bit.ro\/wp-content\/uploads\/2024\/09\/mb-1024x683.jpg 1024w, https:\/\/www.8-bit.ro\/wp-content\/uploads\/2024\/09\/mb-768x512.jpg 768w, https:\/\/www.8-bit.ro\/wp-content\/uploads\/2024\/09\/mb-1536x1024.jpg 1536w, https:\/\/www.8-bit.ro\/wp-content\/uploads\/2024\/09\/mb-2048x1365.jpg 2048w\" sizes=\"(max-width: 381px) 100vw, 381px\" \/><\/p>\n<p>Suntem prezen\u021bi \u00een domeniul externaliz\u0103rii de servicii IT de peste zece ani. Avem experien\u021b\u0103 dovedit\u0103 \u0219i un portofoliu relevant \u00een furnizarea de servicii adaptate fiec\u0103rui client. Echipa noastr\u0103 de speciali\u0219ti ofer\u0103 suportul \u0219i solu\u021biile necesare bunei func\u021bion\u0103ri a infrastructurii IT, ajut\u00e2ndu-i pe clien\u021bii no\u0219tri s\u0103 se concentreze asupra cre\u0219terii afacerilor lor.<\/p>\n<p>Punem la dispozi\u021bia clien\u021bilor no\u0219tri solu\u021bii IT integrate, la standarde ridicate de calitate, asigurate de o echip\u0103 tehnic\u0103 ce beneficiaz\u0103 de experien\u021b\u0103 vast\u0103 \u0219i de sistemul logistic performant care permite un control strict al costurilor \u0219i timpi de r\u0103spuns redu\u0219i.<\/p>\n","protected":false},"excerpt":{"rendered":"<p>8-BIT este specializat\u0103 \u00een oferirea de servicii \u0219i solu\u021bii IT integrate, c\u0103tre companii. Datorit\u0103 bazei logistice pe care o avem la dispozi\u021bie, asigur\u0103m servicii garantate, organizate \u00een pachete flexibile, adaptate bugetelor existente, contribuind la sc\u0103derea costurilor totale dedicate IT-ului \u0219i la stabilitatea opera\u021biunilor clien\u021bilor no\u0219tri. Suntem prezen\u021bi \u00een domeniul externaliz\u0103rii de servicii IT de peste [&hellip;]<\/p>\n","protected":false},"author":1,"featured_media":0,"parent":0,"menu_order":0,"comment_status":"closed","ping_status":"open","template":"","meta":{"footnotes":""},"class_list":["post-2","page","type-page","status-publish","hentry"],"_links":{"self":[{"href":"https:\/\/www.8-bit.ro\/index.php\/wp-json\/wp\/v2\/pages\/2"}],"collection":[{"href":"https:\/\/www.8-bit.ro\/index.php\/wp-json\/wp\/v2\/pages"}],"about":[{"href":"https:\/\/www.8-bit.ro\/index.php\/wp-json\/wp\/v2\/types\/page"}],"author":[{"embeddable":true,"href":"https:\/\/www.8-bit.ro\/index.php\/wp-json\/wp\/v2\/users\/1"}],"replies":[{"embeddable":true,"href":"https:\/\/www.8-bit.ro\/index.php\/wp-json\/wp\/v2\/comments?post=2"}],"version-history":[{"count":3,"href":"https:\/\/www.8-bit.ro\/index.php\/wp-json\/wp\/v2\/pages\/2\/revisions"}],"predecessor-version":[{"id":103,"href":"https:\/\/www.8-bit.ro\/index.php\/wp-json\/wp\/v2\/pages\/2\/revisions\/103"}],"wp:attachment":[{"href":"https:\/\/www.8-bit.ro\/index.php\/wp-json\/wp\/v2\/media?parent=2"}],"curies":[{"name":"wp","href":"https:\/\/api.w.org\/{rel}","templated":true}]}}