{"id":19,"date":"2016-05-26T16:57:53","date_gmt":"2016-05-26T16:57:53","guid":{"rendered":"http:\/\/www.8-bit.ro\/?page_id=19"},"modified":"2024-09-03T13:19:00","modified_gmt":"2024-09-03T13:19:00","slug":"intretinere-sisteme-si-administrare-retele","status":"publish","type":"page","link":"https:\/\/www.8-bit.ro\/index.php\/servicii\/intretinere-sisteme-si-administrare-retele\/","title":{"rendered":"\u00centre\u021binere sisteme \u0219i administrare re\u021bele"},"content":{"rendered":"<p>Oferta noastr\u0103 de \u00eentre\u021binere sisteme \u0219i administrare re\u021bele se adreseaz\u0103 at\u00e2t firmelor mici \u0219i mijlocii, c\u00e2t \u0219i companiilor mari care sunt interesate s\u0103 externalizeze serviciile IT.<\/p>\n<p>Pornind de la premisa c\u0103 fiecare companie are nevoi diferite, am creat 5 tipuri de pachete de servicii pentru \u00eentre\u021binerea calculatoarelor, diferen\u021biate \u00een func\u021bie de dimensiunea re\u021belei de sisteme.<\/p>\n<p>Pachetele noastre de \u00eentre\u021binere a sistemelor sunt astfel organizate \u00eenc\u00e2t num\u0103rul de ore \u0219i serviciile alocate s\u0103 acopere nevoile re\u021belei clientului, f\u0103r\u0103 implicarea unor costuri suplimentare.<\/p>\n<p>Contractarea acestui serviciu asigur\u0103 clien\u021bilor no\u0219tri:<\/p>\n<ul>\n<li>vizite on-site (la sediul clientului) ale specialistului 8-BIT, cu frecven\u021ba stabilit\u0103 \u00een func\u021bie de dimensiunea re\u021belei \u0219i de necesit\u0103\u021bile clientului (ex. zilnice, s\u0103pt\u0103m\u00e2nale, bilunare)<\/li>\n<li>interven\u021bii on-site incluse \u00een contract, la solicitarea clientului<\/li>\n<li>interven\u021bii remote, conectarea de la distan\u021b\u0103 pe sistemul clientului, \u00een scopul remedierii problemelor ap\u0103rute<\/li>\n<li>helpdesk, suport prin telefon \u0219i email.<\/li>\n<\/ul>\n<p>\u00centre\u021binerea \u0219i reviziile tehnice permanente ale sistemelor \u0219i re\u021belei clientului vor asigura func\u021bionarea corect\u0103 a acestora \u0219i vor contribui la eliminarea perioadelor neproductive, generate de defec\u021biuni frecvente.<\/p>\n","protected":false},"excerpt":{"rendered":"<p>Oferta noastr\u0103 de \u00eentre\u021binere sisteme \u0219i administrare re\u021bele se adreseaz\u0103 at\u00e2t firmelor mici \u0219i mijlocii, c\u00e2t \u0219i companiilor mari care sunt interesate s\u0103 externalizeze serviciile IT. Pornind de la premisa c\u0103 fiecare companie are nevoi diferite, am creat 5 tipuri de pachete de servicii pentru \u00eentre\u021binerea calculatoarelor, diferen\u021biate \u00een func\u021bie de dimensiunea re\u021belei de sisteme. [&hellip;]<\/p>\n","protected":false},"author":1,"featured_media":0,"parent":14,"menu_order":0,"comment_status":"closed","ping_status":"closed","template":"","meta":{"footnotes":""},"class_list":["post-19","page","type-page","status-publish","hentry"],"_links":{"self":[{"href":"https:\/\/www.8-bit.ro\/index.php\/wp-json\/wp\/v2\/pages\/19"}],"collection":[{"href":"https:\/\/www.8-bit.ro\/index.php\/wp-json\/wp\/v2\/pages"}],"about":[{"href":"https:\/\/www.8-bit.ro\/index.php\/wp-json\/wp\/v2\/types\/page"}],"author":[{"embeddable":true,"href":"https:\/\/www.8-bit.ro\/index.php\/wp-json\/wp\/v2\/users\/1"}],"replies":[{"embeddable":true,"href":"https:\/\/www.8-bit.ro\/index.php\/wp-json\/wp\/v2\/comments?post=19"}],"version-history":[{"count":2,"href":"https:\/\/www.8-bit.ro\/index.php\/wp-json\/wp\/v2\/pages\/19\/revisions"}],"predecessor-version":[{"id":115,"href":"https:\/\/www.8-bit.ro\/index.php\/wp-json\/wp\/v2\/pages\/19\/revisions\/115"}],"up":[{"embeddable":true,"href":"https:\/\/www.8-bit.ro\/index.php\/wp-json\/wp\/v2\/pages\/14"}],"wp:attachment":[{"href":"https:\/\/www.8-bit.ro\/index.php\/wp-json\/wp\/v2\/media?parent=19"}],"curies":[{"name":"wp","href":"https:\/\/api.w.org\/{rel}","templated":true}]}}