{"id":14,"date":"2016-05-26T16:50:12","date_gmt":"2016-05-26T16:50:12","guid":{"rendered":"http:\/\/www.8-bit.ro\/?page_id=14"},"modified":"2024-09-03T13:03:02","modified_gmt":"2024-09-03T13:03:02","slug":"servicii","status":"publish","type":"page","link":"https:\/\/www.8-bit.ro\/index.php\/servicii\/","title":{"rendered":"Servicii"},"content":{"rendered":"<h1><\/h1>\n<p>Punem la dispozi\u021bia clien\u021bilor no\u0219tri solu\u021bii IT integrate, la standarde ridicate de performan\u021b\u0103 \u0219i fiabilitate. Serviciile noastre sunt asigurate de o echip\u0103 tehnic\u0103 calificat\u0103, at\u00e2t din punct de vedere al tehnologiilor folosite, c\u00e2t \u0219i al metodologiilor aplicate.<\/p>\n<p>Investim \u00een permanen\u021b\u0103 \u00een cre\u0219terea calit\u0103\u021bii personalului tehnic, precum \u0219i \u00een dezvoltarea unui sistem logistic performant, care permite un control strict al costurilor \u0219i timpilor de r\u0103spuns.<\/p>\n<p>Solu\u021biile pe care le oferim clien\u021bilor no\u0219tri sunt compuse, de cele mai multe ori, din urm\u0103toarele ramuri de servicii:<\/p>\n<ul class=\"fancyList\">\n<li><a href=\"https:\/\/www.8-bit.ro\/index.php\/audit-si-consultanta-it\/\">audit \u0219i consultan\u021ba IT<\/a><\/li>\n<li><a href=\"https:\/\/www.8-bit.ro\/index.php\/intretinere-sisteme-si-administrare-retele\/\">\u00eentre\u021binere sisteme<\/a><\/li>\n<li><a href=\"https:\/\/www.8-bit.ro\/index.php\/intretinere-sisteme-si-administrare-retele\/\">administrare re\u021bele<\/a><\/li>\n<li><a href=\"https:\/\/www.8-bit.ro\/index.php\/administrare-servere-si-servicii\/\">administrare servere \u0219i servicii<\/a><\/li>\n<li><a href=\"https:\/\/www.8-bit.ro\/index.php\/replicare-si-backup-remote\/\">replicare \u0219i backup remote<\/a><\/li>\n<li><a href=\"https:\/\/www.8-bit.ro\/index.php\/comunicatii-electronice-si-distributie-de-continut\/\">comunica\u021bii electronice \u0219i distribu\u021bie de con\u021binut<\/a><\/li>\n<li><a href=\"https:\/\/www.8-bit.ro\/index.php\/service-sisteme-si-echipamente\/\">service sisteme \u0219i echipamente<\/a><\/li>\n<li><a href=\"https:\/\/www.8-bit.ro\/index.php\/achizitie-componente-si-periferice\/\">achizi\u021bii sisteme \u0219i echipamente<\/a><\/li>\n<\/ul>\n","protected":false},"excerpt":{"rendered":"<p>Punem la dispozi\u021bia clien\u021bilor no\u0219tri solu\u021bii IT integrate, la standarde ridicate de performan\u021b\u0103 \u0219i fiabilitate. Serviciile noastre sunt asigurate de o echip\u0103 tehnic\u0103 calificat\u0103, at\u00e2t din punct de vedere al tehnologiilor folosite, c\u00e2t \u0219i al metodologiilor aplicate. Investim \u00een permanen\u021b\u0103 \u00een cre\u0219terea calit\u0103\u021bii personalului tehnic, precum \u0219i \u00een dezvoltarea unui sistem logistic performant, care permite [&hellip;]<\/p>\n","protected":false},"author":1,"featured_media":0,"parent":0,"menu_order":0,"comment_status":"closed","ping_status":"closed","template":"","meta":{"footnotes":""},"class_list":["post-14","page","type-page","status-publish","hentry"],"_links":{"self":[{"href":"https:\/\/www.8-bit.ro\/index.php\/wp-json\/wp\/v2\/pages\/14"}],"collection":[{"href":"https:\/\/www.8-bit.ro\/index.php\/wp-json\/wp\/v2\/pages"}],"about":[{"href":"https:\/\/www.8-bit.ro\/index.php\/wp-json\/wp\/v2\/types\/page"}],"author":[{"embeddable":true,"href":"https:\/\/www.8-bit.ro\/index.php\/wp-json\/wp\/v2\/users\/1"}],"replies":[{"embeddable":true,"href":"https:\/\/www.8-bit.ro\/index.php\/wp-json\/wp\/v2\/comments?post=14"}],"version-history":[{"count":5,"href":"https:\/\/www.8-bit.ro\/index.php\/wp-json\/wp\/v2\/pages\/14\/revisions"}],"predecessor-version":[{"id":106,"href":"https:\/\/www.8-bit.ro\/index.php\/wp-json\/wp\/v2\/pages\/14\/revisions\/106"}],"wp:attachment":[{"href":"https:\/\/www.8-bit.ro\/index.php\/wp-json\/wp\/v2\/media?parent=14"}],"curies":[{"name":"wp","href":"https:\/\/api.w.org\/{rel}","templated":true}]}}